{"id":56,"date":"2023-09-05T13:35:41","date_gmt":"2023-09-05T10:35:41","guid":{"rendered":"http:\/\/opikielia.fi\/?page_id=56"},"modified":"2023-10-09T12:55:59","modified_gmt":"2023-10-09T09:55:59","slug":"koulutusta-kielenoppimisesta-ja-kielitietoisuudesta","status":"publish","type":"page","link":"https:\/\/opikielia.fi\/index.php\/koulutusta-kielenoppimisesta-ja-kielitietoisuudesta\/","title":{"rendered":"Haluatko oppia kieli\u00e4?"},"content":{"rendered":"\n<p>Haluatko oppia uutta kielt\u00e4 tai tehostaa kielenoppimistasi? Haluatko tiet\u00e4\u00e4 enemm\u00e4n siit\u00e4, mit\u00e4 viestit\u00e4mme itsest\u00e4mme kielellisill\u00e4 valinnoillamme ? Tai haluatko kokeilla kielenoppimista aivan uudella tavalla?<\/p>\n\n\n\n<p>Tarjoan kielitietoisuuteen ja kielenoppimiseen liittyvi\u00e4, kohderyhm\u00e4lle r\u00e4\u00e4t\u00e4l\u00f6ityj\u00e4 koulutuksia sek\u00e4 paikan p\u00e4\u00e4ll\u00e4 ett\u00e4 et\u00e4n\u00e4. <a href=\"http:\/\/opikielia.fi\/index.php\/yhteydenottolomake\/\" target=\"_blank\" rel=\"noreferrer noopener\">Ota yhteytt\u00e4 <\/a>ja kerro tarpeistasi, niin suunnitellaan siihen sopiva koulutus! <\/p>\n\n\n\n<h4 class=\"wp-block-heading\">Esimerkkej\u00e4 koulutuksista:<\/h4>\n\n\n\n<ul class=\"wp-block-list\">\n<li><a href=\"https:\/\/studies.helsinki.fi\/kurssit\/toteutus\/hy-opt-cur-2324-dad61218-59ca-4318-83cf-616746ee6100\" target=\"_blank\" rel=\"noreferrer noopener\">Kielen oppimisen n\u00e4k\u00f6kulmia<\/a> -kurssi Helsingin yliopistossa (<em><strong>kaikille avoin <\/strong><\/em>avoimen yliopiston kautta)<\/li>\n\n\n\n<li>Luento (2h) kielitietoisuudesta. Luennolla k\u00e4sitell\u00e4\u00e4n esimerkiksi seuraavia aiheita: Mit\u00e4 kieli on? Miksi kielet ovat t\u00e4rkeit\u00e4? Kuinka kieli-ideologiat ovat l\u00e4sn\u00e4 kaikessa viestinn\u00e4ss\u00e4mme?<\/li>\n\n\n\n<li>Kurssi (10h) itsen\u00e4isest\u00e4 kielenoppimisesta. Kurssilla k\u00e4sitell\u00e4\u00e4n esimerkiksi seuraavia aiheita: Mit\u00e4 kieli on? Miten l\u00f6yd\u00e4n itselleni tehokkaita oppimisstrategioita? Miten voin oppia tehokkaammin? Millaisia metodeita kielenoppimisessa kannttaa k\u00e4ytt\u00e4\u00e4? Lis\u00e4ksi kurssilla kokeillaan kielenoppimismenetelmi\u00e4, jotka perustuvat <a href=\"http:\/\/opikielia.fi\/index.php\/2023\/10\/02\/kielenoppimisesta-sosiaalisena-toimintana\/\">sosiaaliseen kielenoppimiseen<\/a>.<\/li>\n<\/ul>\n\n\n\n<div class=\"wp-block-group\"><div class=\"wp-block-group__inner-container is-layout-constrained wp-block-group-is-layout-constrained\">\n<div class=\"wp-block-group\"><div class=\"wp-block-group__inner-container is-layout-constrained wp-block-group-is-layout-constrained\"><\/div><\/div>\n<\/div><\/div>\n","protected":false},"excerpt":{"rendered":"<p>Haluatko oppia uutta kielt\u00e4 tai tehostaa kielenoppimistasi? Haluatko tiet\u00e4\u00e4 enemm\u00e4n siit\u00e4, mit\u00e4 viestit\u00e4mme itsest\u00e4mme kielellisill\u00e4 valinnoillamme ? Tai haluatko kokeilla kielenoppimista aivan uudella tavalla? Tarjoan kielitietoisuuteen ja kielenoppimiseen liittyvi\u00e4, kohderyhm\u00e4lle r\u00e4\u00e4t\u00e4l\u00f6ityj\u00e4 koulutuksia sek\u00e4 paikan p\u00e4\u00e4ll\u00e4 ett\u00e4 et\u00e4n\u00e4. Ota yhteytt\u00e4 ja kerro tarpeistasi, niin suunnitellaan siihen sopiva koulutus! Esimerkkej\u00e4 koulutuksista:<\/p>\n","protected":false},"author":1,"featured_media":0,"parent":0,"menu_order":0,"comment_status":"closed","ping_status":"closed","template":"","meta":{"footnotes":""},"class_list":["post-56","page","type-page","status-publish","hentry","grid-sizer"],"yoast_head":"<!-- This site is optimized with the Yoast SEO plugin v27.5 - https:\/\/yoast.com\/product\/yoast-seo-wordpress\/ -->\n<title>Haluatko oppia kieli\u00e4? - Opi kieli&auml;<\/title>\n<meta name=\"description\" content=\"Haluatko oppia uutta kielt\u00e4 tai tehostaa kielenoppimistasi? Haluatko tiet\u00e4\u00e4 enemm\u00e4n siit\u00e4, mit\u00e4 viestit\u00e4mme itsest\u00e4mme kielellisill\u00e4 valinnoillamme ?\" \/>\n<meta name=\"robots\" content=\"index, follow, max-snippet:-1, max-image-preview:large, max-video-preview:-1\" \/>\n<link rel=\"canonical\" href=\"https:\/\/opikielia.fi\/index.php\/koulutusta-kielenoppimisesta-ja-kielitietoisuudesta\/\" \/>\n<meta property=\"og:locale\" content=\"fi_FI\" \/>\n<meta property=\"og:type\" content=\"article\" \/>\n<meta property=\"og:title\" content=\"Haluatko oppia kieli\u00e4? - Opi kieli&auml;\" \/>\n<meta property=\"og:description\" content=\"Haluatko oppia uutta kielt\u00e4 tai tehostaa kielenoppimistasi? Haluatko tiet\u00e4\u00e4 enemm\u00e4n siit\u00e4, mit\u00e4 viestit\u00e4mme itsest\u00e4mme kielellisill\u00e4 valinnoillamme ?\" \/>\n<meta property=\"og:url\" content=\"https:\/\/opikielia.fi\/index.php\/koulutusta-kielenoppimisesta-ja-kielitietoisuudesta\/\" \/>\n<meta property=\"og:site_name\" content=\"Opi kieli&auml;\" \/>\n<meta property=\"article:modified_time\" content=\"2023-10-09T09:55:59+00:00\" \/>\n<meta name=\"twitter:card\" content=\"summary_large_image\" \/>\n<meta name=\"twitter:label1\" content=\"Arvioitu lukuaika\" \/>\n\t<meta name=\"twitter:data1\" content=\"1 minuutti\" \/>\n<script type=\"application\/ld+json\" class=\"yoast-schema-graph\">{\"@context\":\"https:\\\/\\\/schema.org\",\"@graph\":[{\"@type\":\"WebPage\",\"@id\":\"https:\\\/\\\/opikielia.fi\\\/index.php\\\/koulutusta-kielenoppimisesta-ja-kielitietoisuudesta\\\/\",\"url\":\"https:\\\/\\\/opikielia.fi\\\/index.php\\\/koulutusta-kielenoppimisesta-ja-kielitietoisuudesta\\\/\",\"name\":\"Haluatko oppia kieli\u00e4? - Opi kieli&auml;\",\"isPartOf\":{\"@id\":\"https:\\\/\\\/opikielia.fi\\\/#website\"},\"datePublished\":\"2023-09-05T10:35:41+00:00\",\"dateModified\":\"2023-10-09T09:55:59+00:00\",\"description\":\"Haluatko oppia uutta kielt\u00e4 tai tehostaa kielenoppimistasi? Haluatko tiet\u00e4\u00e4 enemm\u00e4n siit\u00e4, mit\u00e4 viestit\u00e4mme itsest\u00e4mme kielellisill\u00e4 valinnoillamme ?\",\"breadcrumb\":{\"@id\":\"https:\\\/\\\/opikielia.fi\\\/index.php\\\/koulutusta-kielenoppimisesta-ja-kielitietoisuudesta\\\/#breadcrumb\"},\"inLanguage\":\"fi\",\"potentialAction\":[{\"@type\":\"ReadAction\",\"target\":[\"https:\\\/\\\/opikielia.fi\\\/index.php\\\/koulutusta-kielenoppimisesta-ja-kielitietoisuudesta\\\/\"]}]},{\"@type\":\"BreadcrumbList\",\"@id\":\"https:\\\/\\\/opikielia.fi\\\/index.php\\\/koulutusta-kielenoppimisesta-ja-kielitietoisuudesta\\\/#breadcrumb\",\"itemListElement\":[{\"@type\":\"ListItem\",\"position\":1,\"name\":\"Etusivu\",\"item\":\"https:\\\/\\\/opikielia.fi\\\/\"},{\"@type\":\"ListItem\",\"position\":2,\"name\":\"Haluatko oppia kieli\u00e4?\"}]},{\"@type\":\"WebSite\",\"@id\":\"https:\\\/\\\/opikielia.fi\\\/#website\",\"url\":\"https:\\\/\\\/opikielia.fi\\\/\",\"name\":\"Opi kieli&auml;\",\"description\":\"Blogi kielenoppimisesta\",\"publisher\":{\"@id\":\"https:\\\/\\\/opikielia.fi\\\/#\\\/schema\\\/person\\\/100e51ded37085b3300c28b7e6fa257f\"},\"alternateName\":\"Opi kielia\",\"potentialAction\":[{\"@type\":\"SearchAction\",\"target\":{\"@type\":\"EntryPoint\",\"urlTemplate\":\"https:\\\/\\\/opikielia.fi\\\/?s={search_term_string}\"},\"query-input\":{\"@type\":\"PropertyValueSpecification\",\"valueRequired\":true,\"valueName\":\"search_term_string\"}}],\"inLanguage\":\"fi\"},{\"@type\":[\"Person\",\"Organization\"],\"@id\":\"https:\\\/\\\/opikielia.fi\\\/#\\\/schema\\\/person\\\/100e51ded37085b3300c28b7e6fa257f\",\"name\":\"Lotta\",\"image\":{\"@type\":\"ImageObject\",\"inLanguage\":\"fi\",\"@id\":\"https:\\\/\\\/opikielia.fi\\\/wp-content\\\/uploads\\\/2023\\\/09\\\/cropped-Ok_logo.png\",\"url\":\"https:\\\/\\\/opikielia.fi\\\/wp-content\\\/uploads\\\/2023\\\/09\\\/cropped-Ok_logo.png\",\"contentUrl\":\"https:\\\/\\\/opikielia.fi\\\/wp-content\\\/uploads\\\/2023\\\/09\\\/cropped-Ok_logo.png\",\"width\":144,\"height\":111,\"caption\":\"Lotta\"},\"logo\":{\"@id\":\"https:\\\/\\\/opikielia.fi\\\/wp-content\\\/uploads\\\/2023\\\/09\\\/cropped-Ok_logo.png\"},\"sameAs\":[\"http:\\\/\\\/opikielia.fi\",\"www.linkedin.com\\\/in\\\/lotta-aunio-7a723b17\"]}]}<\/script>\n<!-- \/ Yoast SEO plugin. -->","yoast_head_json":{"title":"Haluatko oppia kieli\u00e4? - Opi kieli&auml;","description":"Haluatko oppia uutta kielt\u00e4 tai tehostaa kielenoppimistasi? Haluatko tiet\u00e4\u00e4 enemm\u00e4n siit\u00e4, mit\u00e4 viestit\u00e4mme itsest\u00e4mme kielellisill\u00e4 valinnoillamme ?","robots":{"index":"index","follow":"follow","max-snippet":"max-snippet:-1","max-image-preview":"max-image-preview:large","max-video-preview":"max-video-preview:-1"},"canonical":"https:\/\/opikielia.fi\/index.php\/koulutusta-kielenoppimisesta-ja-kielitietoisuudesta\/","og_locale":"fi_FI","og_type":"article","og_title":"Haluatko oppia kieli\u00e4? - Opi kieli&auml;","og_description":"Haluatko oppia uutta kielt\u00e4 tai tehostaa kielenoppimistasi? Haluatko tiet\u00e4\u00e4 enemm\u00e4n siit\u00e4, mit\u00e4 viestit\u00e4mme itsest\u00e4mme kielellisill\u00e4 valinnoillamme ?","og_url":"https:\/\/opikielia.fi\/index.php\/koulutusta-kielenoppimisesta-ja-kielitietoisuudesta\/","og_site_name":"Opi kieli&auml;","article_modified_time":"2023-10-09T09:55:59+00:00","twitter_card":"summary_large_image","twitter_misc":{"Arvioitu lukuaika":"1 minuutti"},"schema":{"@context":"https:\/\/schema.org","@graph":[{"@type":"WebPage","@id":"https:\/\/opikielia.fi\/index.php\/koulutusta-kielenoppimisesta-ja-kielitietoisuudesta\/","url":"https:\/\/opikielia.fi\/index.php\/koulutusta-kielenoppimisesta-ja-kielitietoisuudesta\/","name":"Haluatko oppia kieli\u00e4? - Opi kieli&auml;","isPartOf":{"@id":"https:\/\/opikielia.fi\/#website"},"datePublished":"2023-09-05T10:35:41+00:00","dateModified":"2023-10-09T09:55:59+00:00","description":"Haluatko oppia uutta kielt\u00e4 tai tehostaa kielenoppimistasi? Haluatko tiet\u00e4\u00e4 enemm\u00e4n siit\u00e4, mit\u00e4 viestit\u00e4mme itsest\u00e4mme kielellisill\u00e4 valinnoillamme ?","breadcrumb":{"@id":"https:\/\/opikielia.fi\/index.php\/koulutusta-kielenoppimisesta-ja-kielitietoisuudesta\/#breadcrumb"},"inLanguage":"fi","potentialAction":[{"@type":"ReadAction","target":["https:\/\/opikielia.fi\/index.php\/koulutusta-kielenoppimisesta-ja-kielitietoisuudesta\/"]}]},{"@type":"BreadcrumbList","@id":"https:\/\/opikielia.fi\/index.php\/koulutusta-kielenoppimisesta-ja-kielitietoisuudesta\/#breadcrumb","itemListElement":[{"@type":"ListItem","position":1,"name":"Etusivu","item":"https:\/\/opikielia.fi\/"},{"@type":"ListItem","position":2,"name":"Haluatko oppia kieli\u00e4?"}]},{"@type":"WebSite","@id":"https:\/\/opikielia.fi\/#website","url":"https:\/\/opikielia.fi\/","name":"Opi kieli&auml;","description":"Blogi kielenoppimisesta","publisher":{"@id":"https:\/\/opikielia.fi\/#\/schema\/person\/100e51ded37085b3300c28b7e6fa257f"},"alternateName":"Opi kielia","potentialAction":[{"@type":"SearchAction","target":{"@type":"EntryPoint","urlTemplate":"https:\/\/opikielia.fi\/?s={search_term_string}"},"query-input":{"@type":"PropertyValueSpecification","valueRequired":true,"valueName":"search_term_string"}}],"inLanguage":"fi"},{"@type":["Person","Organization"],"@id":"https:\/\/opikielia.fi\/#\/schema\/person\/100e51ded37085b3300c28b7e6fa257f","name":"Lotta","image":{"@type":"ImageObject","inLanguage":"fi","@id":"https:\/\/opikielia.fi\/wp-content\/uploads\/2023\/09\/cropped-Ok_logo.png","url":"https:\/\/opikielia.fi\/wp-content\/uploads\/2023\/09\/cropped-Ok_logo.png","contentUrl":"https:\/\/opikielia.fi\/wp-content\/uploads\/2023\/09\/cropped-Ok_logo.png","width":144,"height":111,"caption":"Lotta"},"logo":{"@id":"https:\/\/opikielia.fi\/wp-content\/uploads\/2023\/09\/cropped-Ok_logo.png"},"sameAs":["http:\/\/opikielia.fi","www.linkedin.com\/in\/lotta-aunio-7a723b17"]}]}},"_links":{"self":[{"href":"https:\/\/opikielia.fi\/index.php\/wp-json\/wp\/v2\/pages\/56","targetHints":{"allow":["GET"]}}],"collection":[{"href":"https:\/\/opikielia.fi\/index.php\/wp-json\/wp\/v2\/pages"}],"about":[{"href":"https:\/\/opikielia.fi\/index.php\/wp-json\/wp\/v2\/types\/page"}],"author":[{"embeddable":true,"href":"https:\/\/opikielia.fi\/index.php\/wp-json\/wp\/v2\/users\/1"}],"replies":[{"embeddable":true,"href":"https:\/\/opikielia.fi\/index.php\/wp-json\/wp\/v2\/comments?post=56"}],"version-history":[{"count":10,"href":"https:\/\/opikielia.fi\/index.php\/wp-json\/wp\/v2\/pages\/56\/revisions"}],"predecessor-version":[{"id":234,"href":"https:\/\/opikielia.fi\/index.php\/wp-json\/wp\/v2\/pages\/56\/revisions\/234"}],"wp:attachment":[{"href":"https:\/\/opikielia.fi\/index.php\/wp-json\/wp\/v2\/media?parent=56"}],"curies":[{"name":"wp","href":"https:\/\/api.w.org\/{rel}","templated":true}]}}