{"id":13,"date":"2023-08-29T10:38:10","date_gmt":"2023-08-29T07:38:10","guid":{"rendered":"http:\/\/opikielia.fi\/?page_id=13"},"modified":"2026-03-18T14:34:36","modified_gmt":"2026-03-18T12:34:36","slug":"etusivu","status":"publish","type":"page","link":"https:\/\/opikielia.fi\/","title":{"rendered":"Etusivu"},"content":{"rendered":"\n<p>T\u00e4ll\u00e4 sivustolla esittelen kielenoppimiseen ja kielitoisuuteen liittyvi\u00e4 ajatuksiani. Tarjoan my\u00f6s kohderyhm\u00e4lle r\u00e4\u00e4t\u00e4l\u00f6ityj\u00e4 <a href=\"http:\/\/opikielia.fi\/index.php\/koulutusta-kielenoppimisesta-ja-kielitietoisuudesta\/\" target=\"_blank\" rel=\"noreferrer noopener\">koulutuksia<\/a> n\u00e4ist\u00e4 aiheista.<\/p>\n\n\n\n<p>Taustastani voit lukea <a href=\"http:\/\/opikielia.fi\/index.php\/info\/\" target=\"_blank\" rel=\"noreferrer noopener\">t\u00e4\u00e4lt\u00e4<\/a>.<\/p>\n","protected":false},"excerpt":{"rendered":"<p>T\u00e4ll\u00e4 sivustolla esittelen kielenoppimiseen ja kielitoisuuteen liittyvi\u00e4 ajatuksiani. Tarjoan my\u00f6s kohderyhm\u00e4lle r\u00e4\u00e4t\u00e4l\u00f6ityj\u00e4 koulutuksia n\u00e4ist\u00e4 aiheista. Taustastani voit lukea t\u00e4\u00e4lt\u00e4.<\/p>\n","protected":false},"author":1,"featured_media":17,"parent":0,"menu_order":0,"comment_status":"closed","ping_status":"closed","template":"","meta":{"footnotes":""},"class_list":["post-13","page","type-page","status-publish","has-post-thumbnail","hentry","grid-sizer"],"yoast_head":"<!-- This site is optimized with the Yoast SEO plugin v27.3 - https:\/\/yoast.com\/product\/yoast-seo-wordpress\/ -->\n<title>Etusivu - Opi kieli&auml;<\/title>\n<meta name=\"robots\" content=\"index, follow, max-snippet:-1, max-image-preview:large, max-video-preview:-1\" \/>\n<link rel=\"canonical\" href=\"https:\/\/opikielia.fi\/\" \/>\n<meta property=\"og:locale\" content=\"fi_FI\" \/>\n<meta property=\"og:type\" content=\"article\" \/>\n<meta property=\"og:title\" content=\"Etusivu - Opi kieli&auml;\" \/>\n<meta property=\"og:description\" content=\"T\u00e4ll\u00e4 sivustolla esittelen kielenoppimiseen ja kielitoisuuteen liittyvi\u00e4 ajatuksiani. Tarjoan my\u00f6s kohderyhm\u00e4lle r\u00e4\u00e4t\u00e4l\u00f6ityj\u00e4 koulutuksia n\u00e4ist\u00e4 aiheista. Taustastani voit lukea t\u00e4\u00e4lt\u00e4.\" \/>\n<meta property=\"og:url\" content=\"https:\/\/opikielia.fi\/\" \/>\n<meta property=\"og:site_name\" content=\"Opi kieli&auml;\" \/>\n<meta property=\"article:modified_time\" content=\"2026-03-18T12:34:36+00:00\" \/>\n<meta property=\"og:image\" content=\"https:\/\/opikielia.fi\/wp-content\/uploads\/2023\/08\/DSCN0694-scaled.jpg\" \/>\n\t<meta property=\"og:image:width\" content=\"2560\" \/>\n\t<meta property=\"og:image:height\" content=\"1920\" \/>\n\t<meta property=\"og:image:type\" content=\"image\/jpeg\" \/>\n<meta name=\"twitter:card\" content=\"summary_large_image\" \/>\n<meta name=\"twitter:label1\" content=\"Arvioitu lukuaika\" \/>\n\t<meta name=\"twitter:data1\" content=\"1 minuutti\" \/>\n<script type=\"application\/ld+json\" class=\"yoast-schema-graph\">{\"@context\":\"https:\\\/\\\/schema.org\",\"@graph\":[{\"@type\":\"WebPage\",\"@id\":\"https:\\\/\\\/opikielia.fi\\\/\",\"url\":\"https:\\\/\\\/opikielia.fi\\\/\",\"name\":\"Etusivu - Opi kieli&auml;\",\"isPartOf\":{\"@id\":\"https:\\\/\\\/opikielia.fi\\\/#website\"},\"primaryImageOfPage\":{\"@id\":\"https:\\\/\\\/opikielia.fi\\\/#primaryimage\"},\"image\":{\"@id\":\"https:\\\/\\\/opikielia.fi\\\/#primaryimage\"},\"thumbnailUrl\":\"https:\\\/\\\/opikielia.fi\\\/wp-content\\\/uploads\\\/2023\\\/08\\\/DSCN0694-scaled.jpg\",\"datePublished\":\"2023-08-29T07:38:10+00:00\",\"dateModified\":\"2026-03-18T12:34:36+00:00\",\"breadcrumb\":{\"@id\":\"https:\\\/\\\/opikielia.fi\\\/#breadcrumb\"},\"inLanguage\":\"fi\",\"potentialAction\":[{\"@type\":\"ReadAction\",\"target\":[\"https:\\\/\\\/opikielia.fi\\\/\"]}]},{\"@type\":\"ImageObject\",\"inLanguage\":\"fi\",\"@id\":\"https:\\\/\\\/opikielia.fi\\\/#primaryimage\",\"url\":\"https:\\\/\\\/opikielia.fi\\\/wp-content\\\/uploads\\\/2023\\\/08\\\/DSCN0694-scaled.jpg\",\"contentUrl\":\"https:\\\/\\\/opikielia.fi\\\/wp-content\\\/uploads\\\/2023\\\/08\\\/DSCN0694-scaled.jpg\",\"width\":2560,\"height\":1920},{\"@type\":\"BreadcrumbList\",\"@id\":\"https:\\\/\\\/opikielia.fi\\\/#breadcrumb\",\"itemListElement\":[{\"@type\":\"ListItem\",\"position\":1,\"name\":\"Etusivu\",\"item\":\"https:\\\/\\\/opikielia.fi\\\/\"},{\"@type\":\"ListItem\",\"position\":2,\"name\":\"Etusivu\"}]},{\"@type\":\"WebSite\",\"@id\":\"https:\\\/\\\/opikielia.fi\\\/#website\",\"url\":\"https:\\\/\\\/opikielia.fi\\\/\",\"name\":\"Opi kieli&auml;\",\"description\":\"Blogi kielenoppimisesta\",\"publisher\":{\"@id\":\"https:\\\/\\\/opikielia.fi\\\/#\\\/schema\\\/person\\\/100e51ded37085b3300c28b7e6fa257f\"},\"alternateName\":\"Opi kielia\",\"potentialAction\":[{\"@type\":\"SearchAction\",\"target\":{\"@type\":\"EntryPoint\",\"urlTemplate\":\"https:\\\/\\\/opikielia.fi\\\/?s={search_term_string}\"},\"query-input\":{\"@type\":\"PropertyValueSpecification\",\"valueRequired\":true,\"valueName\":\"search_term_string\"}}],\"inLanguage\":\"fi\"},{\"@type\":[\"Person\",\"Organization\"],\"@id\":\"https:\\\/\\\/opikielia.fi\\\/#\\\/schema\\\/person\\\/100e51ded37085b3300c28b7e6fa257f\",\"name\":\"Lotta\",\"image\":{\"@type\":\"ImageObject\",\"inLanguage\":\"fi\",\"@id\":\"https:\\\/\\\/opikielia.fi\\\/wp-content\\\/uploads\\\/2023\\\/09\\\/cropped-Ok_logo.png\",\"url\":\"https:\\\/\\\/opikielia.fi\\\/wp-content\\\/uploads\\\/2023\\\/09\\\/cropped-Ok_logo.png\",\"contentUrl\":\"https:\\\/\\\/opikielia.fi\\\/wp-content\\\/uploads\\\/2023\\\/09\\\/cropped-Ok_logo.png\",\"width\":144,\"height\":111,\"caption\":\"Lotta\"},\"logo\":{\"@id\":\"https:\\\/\\\/opikielia.fi\\\/wp-content\\\/uploads\\\/2023\\\/09\\\/cropped-Ok_logo.png\"},\"sameAs\":[\"http:\\\/\\\/opikielia.fi\",\"www.linkedin.com\\\/in\\\/lotta-aunio-7a723b17\"]}]}<\/script>\n<!-- \/ Yoast SEO plugin. -->","yoast_head_json":{"title":"Etusivu - Opi kieli&auml;","robots":{"index":"index","follow":"follow","max-snippet":"max-snippet:-1","max-image-preview":"max-image-preview:large","max-video-preview":"max-video-preview:-1"},"canonical":"https:\/\/opikielia.fi\/","og_locale":"fi_FI","og_type":"article","og_title":"Etusivu - Opi kieli&auml;","og_description":"T\u00e4ll\u00e4 sivustolla esittelen kielenoppimiseen ja kielitoisuuteen liittyvi\u00e4 ajatuksiani. Tarjoan my\u00f6s kohderyhm\u00e4lle r\u00e4\u00e4t\u00e4l\u00f6ityj\u00e4 koulutuksia n\u00e4ist\u00e4 aiheista. Taustastani voit lukea t\u00e4\u00e4lt\u00e4.","og_url":"https:\/\/opikielia.fi\/","og_site_name":"Opi kieli&auml;","article_modified_time":"2026-03-18T12:34:36+00:00","og_image":[{"width":2560,"height":1920,"url":"https:\/\/opikielia.fi\/wp-content\/uploads\/2023\/08\/DSCN0694-scaled.jpg","type":"image\/jpeg"}],"twitter_card":"summary_large_image","twitter_misc":{"Arvioitu lukuaika":"1 minuutti"},"schema":{"@context":"https:\/\/schema.org","@graph":[{"@type":"WebPage","@id":"https:\/\/opikielia.fi\/","url":"https:\/\/opikielia.fi\/","name":"Etusivu - Opi kieli&auml;","isPartOf":{"@id":"https:\/\/opikielia.fi\/#website"},"primaryImageOfPage":{"@id":"https:\/\/opikielia.fi\/#primaryimage"},"image":{"@id":"https:\/\/opikielia.fi\/#primaryimage"},"thumbnailUrl":"https:\/\/opikielia.fi\/wp-content\/uploads\/2023\/08\/DSCN0694-scaled.jpg","datePublished":"2023-08-29T07:38:10+00:00","dateModified":"2026-03-18T12:34:36+00:00","breadcrumb":{"@id":"https:\/\/opikielia.fi\/#breadcrumb"},"inLanguage":"fi","potentialAction":[{"@type":"ReadAction","target":["https:\/\/opikielia.fi\/"]}]},{"@type":"ImageObject","inLanguage":"fi","@id":"https:\/\/opikielia.fi\/#primaryimage","url":"https:\/\/opikielia.fi\/wp-content\/uploads\/2023\/08\/DSCN0694-scaled.jpg","contentUrl":"https:\/\/opikielia.fi\/wp-content\/uploads\/2023\/08\/DSCN0694-scaled.jpg","width":2560,"height":1920},{"@type":"BreadcrumbList","@id":"https:\/\/opikielia.fi\/#breadcrumb","itemListElement":[{"@type":"ListItem","position":1,"name":"Etusivu","item":"https:\/\/opikielia.fi\/"},{"@type":"ListItem","position":2,"name":"Etusivu"}]},{"@type":"WebSite","@id":"https:\/\/opikielia.fi\/#website","url":"https:\/\/opikielia.fi\/","name":"Opi kieli&auml;","description":"Blogi kielenoppimisesta","publisher":{"@id":"https:\/\/opikielia.fi\/#\/schema\/person\/100e51ded37085b3300c28b7e6fa257f"},"alternateName":"Opi kielia","potentialAction":[{"@type":"SearchAction","target":{"@type":"EntryPoint","urlTemplate":"https:\/\/opikielia.fi\/?s={search_term_string}"},"query-input":{"@type":"PropertyValueSpecification","valueRequired":true,"valueName":"search_term_string"}}],"inLanguage":"fi"},{"@type":["Person","Organization"],"@id":"https:\/\/opikielia.fi\/#\/schema\/person\/100e51ded37085b3300c28b7e6fa257f","name":"Lotta","image":{"@type":"ImageObject","inLanguage":"fi","@id":"https:\/\/opikielia.fi\/wp-content\/uploads\/2023\/09\/cropped-Ok_logo.png","url":"https:\/\/opikielia.fi\/wp-content\/uploads\/2023\/09\/cropped-Ok_logo.png","contentUrl":"https:\/\/opikielia.fi\/wp-content\/uploads\/2023\/09\/cropped-Ok_logo.png","width":144,"height":111,"caption":"Lotta"},"logo":{"@id":"https:\/\/opikielia.fi\/wp-content\/uploads\/2023\/09\/cropped-Ok_logo.png"},"sameAs":["http:\/\/opikielia.fi","www.linkedin.com\/in\/lotta-aunio-7a723b17"]}]}},"_links":{"self":[{"href":"https:\/\/opikielia.fi\/index.php\/wp-json\/wp\/v2\/pages\/13","targetHints":{"allow":["GET"]}}],"collection":[{"href":"https:\/\/opikielia.fi\/index.php\/wp-json\/wp\/v2\/pages"}],"about":[{"href":"https:\/\/opikielia.fi\/index.php\/wp-json\/wp\/v2\/types\/page"}],"author":[{"embeddable":true,"href":"https:\/\/opikielia.fi\/index.php\/wp-json\/wp\/v2\/users\/1"}],"replies":[{"embeddable":true,"href":"https:\/\/opikielia.fi\/index.php\/wp-json\/wp\/v2\/comments?post=13"}],"version-history":[{"count":9,"href":"https:\/\/opikielia.fi\/index.php\/wp-json\/wp\/v2\/pages\/13\/revisions"}],"predecessor-version":[{"id":393,"href":"https:\/\/opikielia.fi\/index.php\/wp-json\/wp\/v2\/pages\/13\/revisions\/393"}],"wp:featuredmedia":[{"embeddable":true,"href":"https:\/\/opikielia.fi\/index.php\/wp-json\/wp\/v2\/media\/17"}],"wp:attachment":[{"href":"https:\/\/opikielia.fi\/index.php\/wp-json\/wp\/v2\/media?parent=13"}],"curies":[{"name":"wp","href":"https:\/\/api.w.org\/{rel}","templated":true}]}}